{"id":9,"date":"2024-09-29T16:59:09","date_gmt":"2024-09-29T16:59:09","guid":{"rendered":"https:\/\/www.marymonte.com.ar\/restaurante\/?page_id=9"},"modified":"2024-09-29T18:09:47","modified_gmt":"2024-09-29T18:09:47","slug":"inicio","status":"publish","type":"page","link":"https:\/\/www.marymonte.com.ar\/restaurante\/","title":{"rendered":"INICIO"},"content":{"rendered":"\n<p class=\"has-text-align-left\" style=\"font-size:18px\">Inspirado en la fusi\u00f3n de dos cocinas hermanas, un cruce por los Andes donde se recorre lo que nos une, los sabores aut\u00e9nticos. Comida que se fusiona por la cercan\u00eda, las costumbres, los diversos usos del ingrediente y la combinaci\u00f3n de ellos, pero principalmente la fuerza que nos une\u2026 la historia.<\/p>\n\n\n\n<p><\/p>\n","protected":false},"excerpt":{"rendered":"<p>Inspirado en la fusi\u00f3n de dos cocinas hermanas, un cruce por los Andes donde se recorre lo que nos une, los sabores aut\u00e9nticos. Comida que se fusiona por la cercan\u00eda, las costumbres, los diversos usos del ingrediente y la combinaci\u00f3n de ellos, pero principalmente la fuerza que nos une\u2026 la historia.<\/p>\n","protected":false},"author":1,"featured_media":0,"parent":0,"menu_order":0,"comment_status":"closed","ping_status":"closed","template":"","meta":{"footnotes":""},"class_list":["post-9","page","type-page","status-publish","hentry"],"_links":{"self":[{"href":"https:\/\/www.marymonte.com.ar\/restaurante\/wp-json\/wp\/v2\/pages\/9"}],"collection":[{"href":"https:\/\/www.marymonte.com.ar\/restaurante\/wp-json\/wp\/v2\/pages"}],"about":[{"href":"https:\/\/www.marymonte.com.ar\/restaurante\/wp-json\/wp\/v2\/types\/page"}],"author":[{"embeddable":true,"href":"https:\/\/www.marymonte.com.ar\/restaurante\/wp-json\/wp\/v2\/users\/1"}],"replies":[{"embeddable":true,"href":"https:\/\/www.marymonte.com.ar\/restaurante\/wp-json\/wp\/v2\/comments?post=9"}],"version-history":[{"count":6,"href":"https:\/\/www.marymonte.com.ar\/restaurante\/wp-json\/wp\/v2\/pages\/9\/revisions"}],"predecessor-version":[{"id":51,"href":"https:\/\/www.marymonte.com.ar\/restaurante\/wp-json\/wp\/v2\/pages\/9\/revisions\/51"}],"wp:attachment":[{"href":"https:\/\/www.marymonte.com.ar\/restaurante\/wp-json\/wp\/v2\/media?parent=9"}],"curies":[{"name":"wp","href":"https:\/\/api.w.org\/{rel}","templated":true}]}}